{"id":2,"date":"2022-12-19T21:18:13","date_gmt":"2022-12-19T21:18:13","guid":{"rendered":"https:\/\/claudiahaumer.at\/?page_id=2"},"modified":"2023-01-06T18:00:00","modified_gmt":"2023-01-06T18:00:00","slug":"sample-page","status":"publish","type":"page","link":"https:\/\/claudiahaumer.at\/","title":{"rendered":"Startseite"},"content":{"rendered":"<p>[et_pb_section fb_built=&#8220;1&#8243; _builder_version=&#8220;4.19.4&#8243; background_image=&#8220;https:\/\/claudiahaumer.at\/wp-content\/uploads\/2022\/12\/sheet-music-1260596_1920.jpg&#8220; global_colors_info=&#8220;{}&#8220;][et_pb_row _builder_version=&#8220;4.19.4&#8243; background_color=&#8220;RGBA(255,255,255,0.49)&#8220; background_size=&#8220;initial&#8220; background_position=&#8220;top_left&#8220; background_repeat=&#8220;repeat&#8220; global_colors_info=&#8220;{}&#8220; custom_padding=&#8220;||21px|||&#8220; custom_margin=&#8220;|auto|20px|auto||&#8220;][et_pb_column type=&#8220;4_4&#8243; _builder_version=&#8220;4.16&#8243; custom_padding=&#8220;|||&#8220; global_colors_info=&#8220;{}&#8220; custom_padding__hover=&#8220;|||&#8220;][et_pb_text _builder_version=&#8220;4.19.4&#8243; _module_preset=&#8220;default&#8220; hover_enabled=&#8220;0&#8243; sticky_enabled=&#8220;0&#8243; custom_margin=&#8220;-25px|||||&#8220; header_text_color=&#8220;#802083&#8243; custom_padding=&#8220;14px|||||&#8220; header_2_text_color=&#8220;#000000&#8243; header_2_font=&#8220;Annie Use Your Telescope|700|||||||&#8220; header_2_text_shadow_style=&#8220;preset1&#8243; header_2_text_shadow_color=&#8220;#FFFFFF&#8220;]<\/p>\n<h1 style=\"text-align: center;\"><strong>Musizieren in Strasshof<br \/><\/strong><\/h1>\n<p><strong><\/strong><\/p>\n<p><strong><\/strong><\/p>\n<h2 style=\"text-align: center;\"><span style=\"color: #0a0a0a;\"><strong>Musik machen, das ist es was z\u00e4hlt\u00a0<\/strong><\/span><\/h2>\n<p>[\/et_pb_text][et_pb_text _builder_version=&#8220;4.19.4&#8243; header_font=&#8220;|700|||||||&#8220; header_line_height=&#8220;2.1em&#8220; header_3_line_height=&#8220;1.1em&#8220; background_size=&#8220;initial&#8220; background_position=&#8220;top_left&#8220; background_repeat=&#8220;repeat&#8220; hover_enabled=&#8220;0&#8243; header_text_shadow_style=&#8220;preset4&#8243; global_colors_info=&#8220;{}&#8220; custom_padding=&#8220;10px||10px|0px|false|false&#8220; min_height=&#8220;322px&#8220; sticky_enabled=&#8220;0&#8243; box_shadow_style=&#8220;preset1&#8243; custom_margin=&#8220;10px|40px|10px|33px|false|false&#8220; width=&#8220;68.9%&#8220; module_alignment=&#8220;center&#8220; background_color=&#8220;RGBA(255,255,255,0.49)&#8220; header_3_font=&#8220;Annie Use Your Telescope|700|||||||&#8220;]<\/p>\n<h1 style=\"text-align: center;\">\u201eMusik ist\u2026<\/h1>\n<h3 style=\"text-align: center;\"><span style=\"color: #000000;\">man erlebt sie,<\/span><\/h3>\n<h3 style=\"text-align: center;\"><span style=\"color: #000000;\">man sp\u00fcrt sie,<\/span><\/h3>\n<h3 style=\"text-align: center;\"><span style=\"color: #000000;\">sie \u00fcberkommt einen,<\/span><\/h3>\n<h3 style=\"text-align: center;\"><span style=\"color: #000000;\">l\u00e4sst einen nicht mehr los.<\/span><\/h3>\n<h3 style=\"text-align: center;\"><span style=\"color: #000000;\">Sie nimmt uns gefangen<\/span><\/h3>\n<h3 style=\"text-align: center;\"><span style=\"color: #000000;\">und macht uns ganz frei.\u201c<\/span><\/h3>\n<p style=\"text-align: center;\">(Claudia Haumer, 2014)<\/p>\n<p>&nbsp;<\/p>\n<p><!-- \/divi:paragraph -->[\/et_pb_text][\/et_pb_column][\/et_pb_row][et_pb_row _builder_version=&#8220;4.19.4&#8243; _module_preset=&#8220;default&#8220; background_color=&#8220;RGBA(255,255,255,0.49)&#8220; min_height=&#8220;145.1px&#8220; custom_margin=&#8220;31px|auto||auto||&#8220; custom_padding=&#8220;28px|||||&#8220; global_colors_info=&#8220;{}&#8220;][et_pb_column type=&#8220;4_4&#8243; _builder_version=&#8220;4.19.4&#8243; _module_preset=&#8220;default&#8220; global_colors_info=&#8220;{}&#8220;][et_pb_text _builder_version=&#8220;4.19.4&#8243; _module_preset=&#8220;default&#8220; hover_enabled=&#8220;0&#8243; sticky_enabled=&#8220;0&#8243; custom_margin=&#8220;-25px|||||&#8220; header_text_color=&#8220;#802083&#8243; custom_padding=&#8220;14px|||||&#8220; header_2_text_color=&#8220;#000000&#8243; header_2_font=&#8220;Annie Use Your Telescope|700|||||||&#8220; header_2_text_shadow_style=&#8220;preset1&#8243; header_2_text_shadow_color=&#8220;#FFFFFF&#8220; min_height=&#8220;124px&#8220;]<\/p>\n<h1 style=\"text-align: center;\"><strong><br \/>Werde Teil von Claudias Klarinetten-Crew<br \/><\/strong><\/h1>\n<p><strong><\/strong><\/p>\n<p><strong><\/strong><\/p>\n<h2 style=\"text-align: center;\">Egal ob Anf\u00e4nger, Fortgeschrittene, <br \/>Auffrischende oder Quereinsteiger.<\/h2>\n<p>&nbsp;<\/p>\n<h2 style=\"text-align: center;\">Trau dich und melde dich an zum Klarinettenunterricht.<br \/>Ich freue mich auf deine Anmeldung!<\/h2>\n<p>&nbsp;<\/p>\n<p style=\"text-align: center;\">Gratis Schnupperstunde (30 Minuten &#8211; kein eigenes Instrument erforderlich)<\/p>\n<p>[\/et_pb_text][\/et_pb_column][\/et_pb_row][et_pb_row column_structure=&#8220;1_5,1_5,1_5,1_5,1_5&#8243; _builder_version=&#8220;4.19.4&#8243; _module_preset=&#8220;default&#8220; background_color=&#8220;RGBA(255,255,255,0.49)&#8220; min_height=&#8220;193.1px&#8220; custom_margin=&#8220;31px|auto||auto||&#8220; custom_padding=&#8220;28px|||||&#8220; global_colors_info=&#8220;{}&#8220;][et_pb_column type=&#8220;1_5&#8243; _builder_version=&#8220;4.19.4&#8243; _module_preset=&#8220;default&#8220; global_colors_info=&#8220;{}&#8220;][et_pb_image src=&#8220;https:\/\/claudiahaumer.at\/wp-content\/uploads\/2022\/12\/Website.jpg&#8220; title_text=&#8220;Website&#8220; url=&#8220;@ET-DC@eyJkeW5hbWljIjp0cnVlLCJjb250ZW50IjoicG9zdF9saW5rX3VybF9wYWdlIiwic2V0dGluZ3MiOnsicG9zdF9pZCI6IjQ0In19@&#8220; _builder_version=&#8220;4.19.4&#8243; _dynamic_attributes=&#8220;url&#8220; _module_preset=&#8220;default&#8220; height=&#8220;112px&#8220; max_height=&#8220;112px&#8220; custom_margin=&#8220;||15px|||&#8220; hover_enabled=&#8220;0&#8243; global_colors_info=&#8220;{}&#8220; align=&#8220;center&#8220; sticky_enabled=&#8220;0&#8243;][\/et_pb_image][et_pb_button button_url=&#8220;@ET-DC@eyJkeW5hbWljIjp0cnVlLCJjb250ZW50IjoicG9zdF9saW5rX3VybF9wYWdlIiwic2V0dGluZ3MiOnsicG9zdF9pZCI6IjQ0In19@&#8220; button_text=&#8220;\u00dcber mich&#8220; button_alignment=&#8220;center&#8220; _builder_version=&#8220;4.19.4&#8243; _dynamic_attributes=&#8220;button_url&#8220; _module_preset=&#8220;default&#8220; custom_button=&#8220;on&#8220; button_text_color=&#8220;#FFFFFF&#8220; button_bg_color=&#8220;#802083&#8243; global_colors_info=&#8220;{}&#8220;][\/et_pb_button][\/et_pb_column][et_pb_column type=&#8220;1_5&#8243; _builder_version=&#8220;4.19.4&#8243; _module_preset=&#8220;default&#8220; global_colors_info=&#8220;{}&#8220;][et_pb_image src=&#8220;https:\/\/claudiahaumer.at\/wp-content\/uploads\/2022\/12\/clarinet-1870572_1280.png&#8220; title_text=&#8220;clarinet-1870572_1280&#8243; url=&#8220;@ET-DC@eyJkeW5hbWljIjp0cnVlLCJjb250ZW50IjoicG9zdF9saW5rX3VybF9wYWdlIiwic2V0dGluZ3MiOnsicG9zdF9pZCI6IjYzIn19@&#8220; align=&#8220;center&#8220; _builder_version=&#8220;4.19.4&#8243; _dynamic_attributes=&#8220;url&#8220; _module_preset=&#8220;default&#8220; background_color=&#8220;RGBA(255,255,255,0)&#8220; min_height=&#8220;112px&#8220; max_height=&#8220;112px&#8220; custom_margin=&#8220;||15px|||&#8220; custom_padding=&#8220;||0px|||&#8220; hover_enabled=&#8220;0&#8243; global_colors_info=&#8220;{}&#8220; sticky_enabled=&#8220;0&#8243;][\/et_pb_image][et_pb_button button_url=&#8220;@ET-DC@eyJkeW5hbWljIjp0cnVlLCJjb250ZW50IjoicG9zdF9saW5rX3VybF9wYWdlIiwic2V0dGluZ3MiOnsicG9zdF9pZCI6IjYzIn19@&#8220; button_text=&#8220;Klarinette&#8220; button_alignment=&#8220;center&#8220; _builder_version=&#8220;4.19.4&#8243; _dynamic_attributes=&#8220;button_url&#8220; _module_preset=&#8220;default&#8220; custom_button=&#8220;on&#8220; button_bg_color=&#8220;#802083&#8243; global_colors_info=&#8220;{}&#8220;][\/et_pb_button][\/et_pb_column][et_pb_column type=&#8220;1_5&#8243; _builder_version=&#8220;4.19.4&#8243; _module_preset=&#8220;default&#8220; global_colors_info=&#8220;{}&#8220;][et_pb_image src=&#8220;https:\/\/claudiahaumer.at\/wp-content\/uploads\/2022\/12\/Claudia_Haumer_Logo-final_weiss.jpg&#8220; title_text=&#8220;Claudia_Haumer_Logo-final_wei\u00df&#8220; url=&#8220;@ET-DC@eyJkeW5hbWljIjp0cnVlLCJjb250ZW50IjoicG9zdF9saW5rX3VybF9wYWdlIiwic2V0dGluZ3MiOnsicG9zdF9pZCI6IjUzIn19@&#8220; _builder_version=&#8220;4.19.4&#8243; _dynamic_attributes=&#8220;url&#8220; _module_preset=&#8220;default&#8220; min_height=&#8220;112px&#8220; max_height=&#8220;112px&#8220; custom_margin=&#8220;||15px|||&#8220; hover_enabled=&#8220;0&#8243; global_colors_info=&#8220;{}&#8220; align=&#8220;center&#8220; sticky_enabled=&#8220;0&#8243;][\/et_pb_image][et_pb_button button_url=&#8220;@ET-DC@eyJkeW5hbWljIjp0cnVlLCJjb250ZW50IjoicG9zdF9saW5rX3VybF9wYWdlIiwic2V0dGluZ3MiOnsicG9zdF9pZCI6IjUzIn19@&#8220; button_text=&#8220;Angebot&#8220; button_alignment=&#8220;center&#8220; _builder_version=&#8220;4.19.4&#8243; _dynamic_attributes=&#8220;button_url&#8220; _module_preset=&#8220;default&#8220; custom_button=&#8220;on&#8220; button_bg_color=&#8220;#802083&#8243; global_colors_info=&#8220;{}&#8220;][\/et_pb_button][\/et_pb_column][et_pb_column type=&#8220;1_5&#8243; _builder_version=&#8220;4.19.4&#8243; _module_preset=&#8220;default&#8220; global_colors_info=&#8220;{}&#8220;][et_pb_image src=&#8220;https:\/\/claudiahaumer.at\/wp-content\/uploads\/2022\/12\/20221018_093101.jpg&#8220; title_text=&#8220;20221018_093101&#8243; url=&#8220;@ET-DC@eyJkeW5hbWljIjp0cnVlLCJjb250ZW50IjoicG9zdF9saW5rX3VybF9wYWdlIiwic2V0dGluZ3MiOnsicG9zdF9pZCI6Ijg4In19@&#8220; _builder_version=&#8220;4.19.4&#8243; _dynamic_attributes=&#8220;url&#8220; _module_preset=&#8220;default&#8220; max_height=&#8220;112px&#8220; custom_margin=&#8220;||15px|||&#8220; hover_enabled=&#8220;0&#8243; global_colors_info=&#8220;{}&#8220; align=&#8220;center&#8220; sticky_enabled=&#8220;0&#8243;][\/et_pb_image][et_pb_button button_url=&#8220;@ET-DC@eyJkeW5hbWljIjp0cnVlLCJjb250ZW50IjoicG9zdF9saW5rX3VybF9wYWdlIiwic2V0dGluZ3MiOnsicG9zdF9pZCI6Ijg4In19@&#8220; button_text=&#8220;Ausstattung&#8220; _builder_version=&#8220;4.19.4&#8243; _dynamic_attributes=&#8220;button_url&#8220; _module_preset=&#8220;default&#8220; custom_button=&#8220;on&#8220; button_bg_color=&#8220;#802083&#8243; hover_enabled=&#8220;0&#8243; global_colors_info=&#8220;{}&#8220; button_alignment=&#8220;center&#8220; sticky_enabled=&#8220;0&#8243;][\/et_pb_button][\/et_pb_column][et_pb_column type=&#8220;1_5&#8243; _builder_version=&#8220;4.19.4&#8243; _module_preset=&#8220;default&#8220; global_colors_info=&#8220;{}&#8220;][et_pb_image src=&#8220;https:\/\/claudiahaumer.at\/wp-content\/uploads\/2022\/12\/Website8-1.jpg&#8220; title_text=&#8220;Website8&#8243; url=&#8220;@ET-DC@eyJkeW5hbWljIjp0cnVlLCJjb250ZW50IjoicG9zdF9saW5rX3VybF9wYWdlIiwic2V0dGluZ3MiOnsicG9zdF9pZCI6IjkyIn19@&#8220; _builder_version=&#8220;4.19.4&#8243; _dynamic_attributes=&#8220;url&#8220; _module_preset=&#8220;default&#8220; max_height=&#8220;112px&#8220; custom_margin=&#8220;||15px|||&#8220; hover_enabled=&#8220;0&#8243; global_colors_info=&#8220;{}&#8220; align=&#8220;center&#8220; sticky_enabled=&#8220;0&#8243;][\/et_pb_image][et_pb_button button_url=&#8220;@ET-DC@eyJkeW5hbWljIjp0cnVlLCJjb250ZW50IjoicG9zdF9saW5rX3VybF9wYWdlIiwic2V0dGluZ3MiOnsicG9zdF9pZCI6IjkyIn19@&#8220; button_text=&#8220;\u00dcben?!&#8220; button_alignment=&#8220;center&#8220; _builder_version=&#8220;4.19.4&#8243; _dynamic_attributes=&#8220;button_url&#8220; _module_preset=&#8220;default&#8220; custom_button=&#8220;on&#8220; button_text_color=&#8220;#FFFFFF&#8220; button_bg_color=&#8220;#802083&#8243; global_colors_info=&#8220;{}&#8220;][\/et_pb_button][\/et_pb_column][\/et_pb_row][\/et_pb_section]<\/p>\n","protected":false},"excerpt":{"rendered":"<p>Musizieren in Strasshof Musik machen, das ist es was z\u00e4hlt\u00a0\u201eMusik ist\u2026 man erlebt sie, man sp\u00fcrt sie, sie \u00fcberkommt einen, l\u00e4sst einen nicht mehr los. Sie nimmt uns gefangen und macht uns ganz frei.\u201c (Claudia Haumer, 2014) &nbsp; Werde Teil von Claudias Klarinetten-Crew Egal ob Anf\u00e4nger, Fortgeschrittene, Auffrischende oder Quereinsteiger. &nbsp; Trau dich und melde [&hellip;]<\/p>\n","protected":false},"author":1,"featured_media":0,"parent":0,"menu_order":0,"comment_status":"closed","ping_status":"open","template":"","meta":{"_et_pb_use_builder":"on","_et_pb_old_content":"<!-- wp:paragraph -->\n<p>This is an example page. It's different from a blog post because it will stay in one place and will show up in your site navigation (in most themes). Most people start with an About page that introduces them to potential site visitors. It might say something like this:<\/p>\n<!-- \/wp:paragraph -->\n\n<!-- wp:quote -->\n<blockquote class=\"wp-block-quote\"><!-- wp:paragraph -->\n<p>Hi there! I'm a bike messenger by day, aspiring actor by night, and this is my website. I live in Los Angeles, have a great dog named Jack, and I like pi\u00f1a coladas. (And gettin' caught in the rain.)<\/p>\n<!-- \/wp:paragraph --><\/blockquote>\n<!-- \/wp:quote -->\n\n<!-- wp:paragraph -->\n<p>...or something like this:<\/p>\n<!-- \/wp:paragraph -->\n\n<!-- wp:quote -->\n<blockquote class=\"wp-block-quote\"><!-- wp:paragraph -->\n<p>The XYZ Doohickey Company was founded in 1971, and has been providing quality doohickeys to the public ever since. Located in Gotham City, XYZ employs over 2,000 people and does all kinds of awesome things for the Gotham community.<\/p>\n<!-- \/wp:paragraph --><\/blockquote>\n<!-- \/wp:quote -->\n\n<!-- wp:paragraph -->\n<p>As a new WordPress user, you should go to <a href=\"https:\/\/claudiahaumer.at\/wp-admin\/\">your dashboard<\/a> to delete this page and create new pages for your content. Have fun!<\/p>\n<!-- \/wp:paragraph -->","_et_gb_content_width":"","footnotes":""},"class_list":["post-2","page","type-page","status-publish","hentry"],"_links":{"self":[{"href":"https:\/\/claudiahaumer.at\/index.php?rest_route=\/wp\/v2\/pages\/2","targetHints":{"allow":["GET"]}}],"collection":[{"href":"https:\/\/claudiahaumer.at\/index.php?rest_route=\/wp\/v2\/pages"}],"about":[{"href":"https:\/\/claudiahaumer.at\/index.php?rest_route=\/wp\/v2\/types\/page"}],"author":[{"embeddable":true,"href":"https:\/\/claudiahaumer.at\/index.php?rest_route=\/wp\/v2\/users\/1"}],"replies":[{"embeddable":true,"href":"https:\/\/claudiahaumer.at\/index.php?rest_route=%2Fwp%2Fv2%2Fcomments&post=2"}],"version-history":[{"count":9,"href":"https:\/\/claudiahaumer.at\/index.php?rest_route=\/wp\/v2\/pages\/2\/revisions"}],"predecessor-version":[{"id":154,"href":"https:\/\/claudiahaumer.at\/index.php?rest_route=\/wp\/v2\/pages\/2\/revisions\/154"}],"wp:attachment":[{"href":"https:\/\/claudiahaumer.at\/index.php?rest_route=%2Fwp%2Fv2%2Fmedia&parent=2"}],"curies":[{"name":"wp","href":"https:\/\/api.w.org\/{rel}","templated":true}]}}