{"id":44,"date":"2022-12-20T23:34:31","date_gmt":"2022-12-20T23:34:31","guid":{"rendered":"https:\/\/claudiahaumer.at\/?page_id=44"},"modified":"2023-01-06T18:03:46","modified_gmt":"2023-01-06T18:03:46","slug":"44-2","status":"publish","type":"page","link":"https:\/\/claudiahaumer.at\/?page_id=44","title":{"rendered":"\u00dcber mich"},"content":{"rendered":"<p>[et_pb_section fb_built=&#8220;1&#8243; _builder_version=&#8220;4.19.2&#8243; _module_preset=&#8220;default&#8220; background_color=&#8220;RGBA(255,255,255,0)&#8220; global_colors_info=&#8220;{}&#8220;][et_pb_row _builder_version=&#8220;4.19.4&#8243; _module_preset=&#8220;default&#8220; background_color=&#8220;RGBA(255,255,255,0.49)&#8220; global_colors_info=&#8220;{}&#8220;][et_pb_column type=&#8220;4_4&#8243; _builder_version=&#8220;4.19.2&#8243; _module_preset=&#8220;default&#8220; global_colors_info=&#8220;{}&#8220;][et_pb_text _builder_version=&#8220;4.19.4&#8243; _module_preset=&#8220;default&#8220; header_font=&#8220;|700|||||||&#8220; header_text_color=&#8220;#802083&#8243; custom_margin=&#8220;|||10px|false|false&#8220; header_text_shadow_style=&#8220;preset4&#8243; global_colors_info=&#8220;{}&#8220;]<\/p>\n<h1>Hallo, ich bin Claudia und mit mir kannst du in die Welt der Klarinettenmusik eintauchen<\/h1>\n<p>[\/et_pb_text][\/et_pb_column][\/et_pb_row][et_pb_row column_structure=&#8220;2_5,3_5&#8243; _builder_version=&#8220;4.19.4&#8243; _module_preset=&#8220;default&#8220; background_color=&#8220;RGBA(255,255,255,0.49)&#8220; global_colors_info=&#8220;{}&#8220;][et_pb_column type=&#8220;2_5&#8243; _builder_version=&#8220;4.19.2&#8243; _module_preset=&#8220;default&#8220; global_colors_info=&#8220;{}&#8220;][et_pb_image src=&#8220;https:\/\/claudiahaumer.at\/wp-content\/uploads\/2022\/12\/Website8.jpg&#8220; title_text=&#8220;Website8&#8243; _builder_version=&#8220;4.19.4&#8243; _module_preset=&#8220;default&#8220; custom_margin=&#8220;|||10px|false|false&#8220; global_colors_info=&#8220;{}&#8220;][\/et_pb_image][\/et_pb_column][et_pb_column type=&#8220;3_5&#8243; _builder_version=&#8220;4.19.2&#8243; _module_preset=&#8220;default&#8220; global_colors_info=&#8220;{}&#8220;][et_pb_text _builder_version=&#8220;4.19.4&#8243; _module_preset=&#8220;default&#8220; custom_margin=&#8220;|20px|||false|false&#8220; global_colors_info=&#8220;{}&#8220;]<\/p>\n<p>Seit nun 25 Jahren darf ich sagen: \u201eIch spiele Klarinette.\u201c<\/p>\n<p>Mit 16 Jahren habe ich die ersten Erfahrungen als Lehrerin sammeln d\u00fcrfen und seitdem war mir auch klar: Das ist meine Berufung!<\/p>\n<p>Klarinette studiert habe ich an der Anton Bruckner Privatuniversit\u00e4t in Linz bei Univ. Prof. Mag Gerald Kraxberger. 2011 schloss ich mein Klarinettenstudium und 2014 mein Blasorchesterleitungsstudium ab.<\/p>\n<p>P\u00e4dagogische Erfahrungen habe ich w\u00e4hrenddessen in Seminaren, im Privatunterricht, als Leiterin von diversen Ch\u00f6ren und Blasmusikvereinen gesammelt.<\/p>\n<p>Ich liebe meine Arbeit, weil ich auf dich <strong>ganz pers\u00f6nlich<\/strong>, mit deinen W\u00fcnschen, Problemen und Bed\u00fcrfnissen, eingehen kann.<\/p>\n<p>Ich nehme mir Zeit um mit dir gemeinsam eine musikalische Reise anzutreten.<\/p>\n<p>[\/et_pb_text][\/et_pb_column][\/et_pb_row][et_pb_row _builder_version=&#8220;4.19.4&#8243; _module_preset=&#8220;default&#8220; background_color=&#8220;RGBA(255,255,255,0.49)&#8220; global_colors_info=&#8220;{}&#8220;][et_pb_column type=&#8220;4_4&#8243; _builder_version=&#8220;4.19.2&#8243; _module_preset=&#8220;default&#8220; global_colors_info=&#8220;{}&#8220;][et_pb_testimonial author=&#8220;Hermine Aichinger&#8220; job_title=&#8220;Chorleiterin Cantus toccare, Organistin, Korrepetitorin\u2026&#8220; portrait_url=&#8220;https:\/\/claudiahaumer.at\/wp-content\/uploads\/2022\/12\/hermi_1.jpg&#8220; _builder_version=&#8220;4.19.2&#8243; _module_preset=&#8220;default&#8220; global_colors_info=&#8220;{}&#8220;]<\/p>\n<p>In Frau Haumer Claudia finden Sie als Musikerin eine engagierte Lehrerin, die sich in Kompetenz, Klarheit, p\u00e4dagogischem Geschick, didaktischem Wissen, in Kreativit\u00e4t und Humor auszeichnet. Sie hat die F\u00e4higkeit, Menschen zu herausragenden Leistungen zu motivieren und Grenzen nach oben hin auszuweiten.<\/p>\n<p>Unm\u00f6gliches wird m\u00f6glich!<\/p>\n<p>Ich arbeitete als Korrepetitorin in den Chorproben und bei unz\u00e4hligen Auftritten mit ihr zusammen und kann nur best\u00e4tigen, dass sie aufgrund ihrer F\u00fchrungskompetenz und ihrem Qualit\u00e4tsanspruch auf einem sehr hohen musikalischen Niveau arbeitet, Menschen in ihrer Leistungsf\u00e4higkeit befl\u00fcgeln und dementsprechend tolle Erfolge nachweisen kann.<\/p>\n<p>[\/et_pb_testimonial][\/et_pb_column][\/et_pb_row][et_pb_row _builder_version=&#8220;4.19.4&#8243; _module_preset=&#8220;default&#8220; background_color=&#8220;RGBA(255,255,255,0.49)&#8220; global_colors_info=&#8220;{}&#8220;][et_pb_column type=&#8220;4_4&#8243; _builder_version=&#8220;4.19.2&#8243; _module_preset=&#8220;default&#8220; global_colors_info=&#8220;{}&#8220;][et_pb_testimonial author=&#8220;Eva Haidenthaller&#8220; job_title=&#8220;Obfrau Singgemeinschaft Maria Neustift eh.&#8220; portrait_url=&#8220;https:\/\/claudiahaumer.at\/wp-content\/uploads\/2022\/12\/eva_1.jpg&#8220; _builder_version=&#8220;4.19.2&#8243; _module_preset=&#8220;default&#8220; global_colors_info=&#8220;{}&#8220;]<\/p>\n<p>Wir haben zun\u00e4chst miteinander im Chor gesungen! Schnell war uns allen klar, dass Claudia Haumer nicht nur sehr gut singt, sondern viel Knowhow bez\u00fcglich Stimmbildung und Tipps zum Singen mitbringt.<\/p>\n<p>So wurde sie auch bald unsere Chorleiterin, um die uns viele Ch\u00f6re wegen ihrer Kompetenz und Begeisterungsf\u00e4higkeit beneidet haben. Sie bewies gutes Gesp\u00fcr f\u00fcr die jeweilige Stimmungslage im Chor und ging darauf immer sehr sensibel ein. Mit Chorleiterin Claudia Haumer erreichten wir einige Auszeichnungen, unter anderem wurden wir \u201eRadio O\u00d6 Aufweckchor 2018\u201c.<\/p>\n<p>Ich durfte sie als absolut ehrliche und verl\u00e4ssliche Person kennen- und sch\u00e4tzen<br \/>lernen. Leider hat sie ihren Wohnort gewechselt \u2013 wir vermissen sie!<\/p>\n<p>[\/et_pb_testimonial][\/et_pb_column][\/et_pb_row][et_pb_row _builder_version=&#8220;4.19.4&#8243; _module_preset=&#8220;default&#8220; background_color=&#8220;RGBA(255,255,255,0.49)&#8220; global_colors_info=&#8220;{}&#8220;][et_pb_column type=&#8220;4_4&#8243; _builder_version=&#8220;4.19.2&#8243; _module_preset=&#8220;default&#8220; global_colors_info=&#8220;{}&#8220;][et_pb_testimonial author=&#8220;Univ. Prof. Mag. Gerald Kraxberger&#8220; job_title=&#8220;Anton Bruckner Privatuniversit\u00e4t&#8220; portrait_url=&#8220;https:\/\/claudiahaumer.at\/wp-content\/uploads\/2022\/12\/Gerald-Kraxberger.png&#8220; _builder_version=&#8220;4.19.2&#8243; _module_preset=&#8220;default&#8220; global_colors_info=&#8220;{}&#8220;]<\/p>\n<p>Frau Claudia Haumer hat ihre Bachelorausbildung im Fach Klarinette an der Anton Bruckner Privatuniversit\u00e4t absolviert und an derselben Institution auch noch einen Bachelor in Dirigieren (Blasorchesterleitung) erworben. Aufgrund dieser gro\u00dfen Bandbreite an Erfahrungen nicht nur auf der Klarinette, sondern auch im Leiten von Ensembles verschiedenster Gr\u00f6\u00dfen, sowie im Orchesterdirigieren, ergeben sich vielf\u00e4ltige M\u00f6glichkeiten, dieses Wissen im Instrumentalunterricht zu verwerten.<\/p>\n<p>Durch die gro\u00dfe Affinit\u00e4t zu Gesang und Chorleitung sind weitere wertvolle Inputs f\u00fcr einen auf die jeweilige Person abgestimmten individuellen Klarinettenunterricht m\u00f6glich.<\/p>\n<p>[\/et_pb_testimonial][\/et_pb_column][\/et_pb_row][\/et_pb_section]<\/p>\n","protected":false},"excerpt":{"rendered":"<p>Hallo, ich bin Claudia und mit mir kannst du in die Welt der Klarinettenmusik eintauchenSeit nun 25 Jahren darf ich sagen: \u201eIch spiele Klarinette.\u201c Mit 16 Jahren habe ich die ersten Erfahrungen als Lehrerin sammeln d\u00fcrfen und seitdem war mir auch klar: Das ist meine Berufung! Klarinette studiert habe ich an der Anton Bruckner Privatuniversit\u00e4t [&hellip;]<\/p>\n","protected":false},"author":1,"featured_media":0,"parent":0,"menu_order":0,"comment_status":"closed","ping_status":"closed","template":"","meta":{"_et_pb_use_builder":"on","_et_pb_old_content":"","_et_gb_content_width":"","footnotes":""},"class_list":["post-44","page","type-page","status-publish","hentry"],"_links":{"self":[{"href":"https:\/\/claudiahaumer.at\/index.php?rest_route=\/wp\/v2\/pages\/44","targetHints":{"allow":["GET"]}}],"collection":[{"href":"https:\/\/claudiahaumer.at\/index.php?rest_route=\/wp\/v2\/pages"}],"about":[{"href":"https:\/\/claudiahaumer.at\/index.php?rest_route=\/wp\/v2\/types\/page"}],"author":[{"embeddable":true,"href":"https:\/\/claudiahaumer.at\/index.php?rest_route=\/wp\/v2\/users\/1"}],"replies":[{"embeddable":true,"href":"https:\/\/claudiahaumer.at\/index.php?rest_route=%2Fwp%2Fv2%2Fcomments&post=44"}],"version-history":[{"count":7,"href":"https:\/\/claudiahaumer.at\/index.php?rest_route=\/wp\/v2\/pages\/44\/revisions"}],"predecessor-version":[{"id":155,"href":"https:\/\/claudiahaumer.at\/index.php?rest_route=\/wp\/v2\/pages\/44\/revisions\/155"}],"wp:attachment":[{"href":"https:\/\/claudiahaumer.at\/index.php?rest_route=%2Fwp%2Fv2%2Fmedia&parent=44"}],"curies":[{"name":"wp","href":"https:\/\/api.w.org\/{rel}","templated":true}]}}