{"id":53,"date":"2022-12-20T23:44:33","date_gmt":"2022-12-20T23:44:33","guid":{"rendered":"https:\/\/claudiahaumer.at\/?page_id=53"},"modified":"2023-11-05T23:19:12","modified_gmt":"2023-11-05T23:19:12","slug":"mein-angebot","status":"publish","type":"page","link":"https:\/\/claudiahaumer.at\/?page_id=53","title":{"rendered":"Mein Angebot"},"content":{"rendered":"<p>[et_pb_section fb_built=&#8220;1&#8243; _builder_version=&#8220;4.19.4&#8243; _module_preset=&#8220;default&#8220; background_image=&#8220;https:\/\/claudiahaumer.at\/wp-content\/uploads\/2022\/12\/sheet-music-1260596_1920.jpg&#8220; global_colors_info=&#8220;{}&#8220;][et_pb_row _builder_version=&#8220;4.19.4&#8243; _module_preset=&#8220;default&#8220; background_color=&#8220;RGBA(255,255,255,0.49)&#8220; global_colors_info=&#8220;{}&#8220;][et_pb_column type=&#8220;4_4&#8243; _builder_version=&#8220;4.19.4&#8243; _module_preset=&#8220;default&#8220; global_colors_info=&#8220;{}&#8220;][et_pb_text _builder_version=&#8220;4.19.4&#8243; _module_preset=&#8220;default&#8220; header_font=&#8220;|700|||||||&#8220; header_text_color=&#8220;#802083&#8243; custom_margin=&#8220;|||10px|false|false&#8220; header_text_shadow_style=&#8220;preset4&#8243; global_colors_info=&#8220;{}&#8220;]<\/p>\n<h1>Mein Angebot<\/h1>\n<p>[\/et_pb_text][\/et_pb_column][\/et_pb_row][et_pb_row column_structure=&#8220;1_2,1_2&#8243; _builder_version=&#8220;4.19.4&#8243; _module_preset=&#8220;default&#8220; background_color=&#8220;RGBA(255,255,255,0.49)&#8220; custom_margin=&#8220;0px|auto|0px|auto|false|false&#8220; custom_padding=&#8220;0px|0px|0px|0px|false|false&#8220; global_colors_info=&#8220;{}&#8220;][et_pb_column type=&#8220;1_2&#8243; _builder_version=&#8220;4.19.4&#8243; _module_preset=&#8220;default&#8220; global_colors_info=&#8220;{}&#8220;][et_pb_text _builder_version=&#8220;4.19.4&#8243; _module_preset=&#8220;default&#8220; text_text_color=&#8220;#FFFFFF&#8220; header_text_color=&#8220;#802083&#8243; header_4_font=&#8220;|800|||||||&#8220; header_4_text_color=&#8220;#802083&#8243; header_4_line_height=&#8220;3em&#8220; background_color=&#8220;#444444&#8243; custom_margin=&#8220;0px|-31px|0px|0px|false|false&#8220; custom_padding=&#8220;0px|0px|0px|0px|false|false&#8220; header_4_text_shadow_style=&#8220;preset3&#8243; header_4_text_shadow_color=&#8220;#FFFFFF&#8220; global_colors_info=&#8220;{}&#8220;]<\/p>\n<h4 style=\"text-align: center;\">Einzelunterricht \/ Einzelstunde<\/h4>\n<p style=\"text-align: center;\">60 Minuten _________ 60\u20ac<br \/>50 Minuten _________ 50\u20ac<br \/>40 Minuten_________ 40\u20ac<br \/>30 Minuten_________ 30\u20ac<\/p>\n<p style=\"text-align: center;\">Einzelstunden k\u00f6nnen jederzeit individuell vereinbart werden. <br \/>1. Schnuppereinheit ist gratis und du brauchst kein eigenes Instrument. <\/p>\n<p style=\"text-align: center;\">[\/et_pb_text][\/et_pb_column][et_pb_column type=&#8220;1_2&#8243; _builder_version=&#8220;4.19.4&#8243; _module_preset=&#8220;default&#8220; global_colors_info=&#8220;{}&#8220;][et_pb_text _builder_version=&#8220;4.19.4&#8243; _module_preset=&#8220;default&#8220; text_text_color=&#8220;#FFFFFF&#8220; header_text_color=&#8220;#802083&#8243; header_4_font=&#8220;|800|||||||&#8220; header_4_text_color=&#8220;#802083&#8243; header_4_line_height=&#8220;3em&#8220; background_color=&#8220;#919191&#8243; custom_margin=&#8220;0px|0px|0px|-29px|false|false&#8220; custom_padding=&#8220;0px|0px|2px|0px|false|false&#8220; header_4_text_shadow_style=&#8220;preset3&#8243; header_4_text_shadow_color=&#8220;#FFFFFF&#8220; global_colors_info=&#8220;{}&#8220; min_height=&#8220;220px&#8220;]<\/p>\n<h4 style=\"text-align: center;\">Schulj\u00e4hrlicher Unterricht<\/h4>\n<p style=\"text-align: center;\">\u00a0 \u00a0\u00a0<br \/>Der Unterricht findet w\u00f6chentlich <br \/>w\u00e4hrend des Schuljahres statt. <br \/>Die Bezahlung erfolgt \u00fcber <br \/>einen monatlichen Abbucher <br \/>oder per \u00dcberweisung.\u00a0 \u00a0\u00a0 \u00a0\u00a0<\/p>\n<p style=\"text-align: center;\">\n<p style=\"text-align: center;\">\n<p>[\/et_pb_text][\/et_pb_column][\/et_pb_row][et_pb_row _builder_version=&#8220;4.19.4&#8243; _module_preset=&#8220;default&#8220; background_color=&#8220;RGBA(255,255,255,0.49)&#8220; global_colors_info=&#8220;{}&#8220;][et_pb_column type=&#8220;4_4&#8243; _builder_version=&#8220;4.19.4&#8243; _module_preset=&#8220;default&#8220; global_colors_info=&#8220;{}&#8220;][et_pb_text _builder_version=&#8220;4.19.4&#8243; _module_preset=&#8220;default&#8220; background_color=&#8220;RGBA(255,255,255,0)&#8220; custom_margin=&#8220;|20px||10px|false|false&#8220; global_colors_info=&#8220;{}&#8220;]<\/p>\n<h3>Leihinstrumente<\/h3>\n<p>Ich verstehe die Besorgnis vieler Eltern nicht zu wissen, ob die Klarinette das richtige Instrument f\u00fcr ihr Kind ist und ob es bei diesem Instrument bleiben wird. Man m\u00f6chte zu Anfang noch keine gr\u00f6\u00dfere Investition in ein Neu-Instrument t\u00e4tigen.<br \/>Darum biete ich die M\u00f6glichkeit sich von mir ein Instrument zu leihen.<br \/>Die Leihgeb\u00fchr startet ab 35\u20ac pro Jahr.<br \/>Art und Hersteller des Instruments werden individuell ausgesucht.<\/p>\n<h3>Korrepetition (Begleitung mit Klavier)<\/h3>\n<p>Als KlarinettistIn hat man die M\u00f6glichkeit in vielen Besetzungen zu musizieren.<br \/>Eine besonders sch\u00f6ne ist die Form der Kammermusik, d.h. die Klarinette wird als Soloinstrument vom Klavier begleitet.<br \/>Ich biete die M\u00f6glichkeit die erarbeiteten Konzerte, St\u00fccke oder Lieder gemeinsam mit einer Pianistin zu spielen, um sie in G\u00e4nze zu erleben.<\/p>\n<p>[\/et_pb_text][\/et_pb_column][\/et_pb_row][\/et_pb_section]<\/p>\n","protected":false},"excerpt":{"rendered":"<p>Mein AngebotEinzelunterricht \/ Einzelstunde 60 Minuten _________ 60\u20ac50 Minuten _________ 50\u20ac40 Minuten_________ 40\u20ac30 Minuten_________ 30\u20ac Einzelstunden k\u00f6nnen jederzeit individuell vereinbart werden. 1. Schnuppereinheit ist gratis und du brauchst kein eigenes Instrument. Schulj\u00e4hrlicher Unterricht \u00a0 \u00a0\u00a0Der Unterricht findet w\u00f6chentlich w\u00e4hrend des Schuljahres statt. Die Bezahlung erfolgt \u00fcber einen monatlichen Abbucher oder per \u00dcberweisung.\u00a0 \u00a0\u00a0 \u00a0\u00a0 Leihinstrumente [&hellip;]<\/p>\n","protected":false},"author":1,"featured_media":0,"parent":0,"menu_order":0,"comment_status":"closed","ping_status":"closed","template":"","meta":{"_et_pb_use_builder":"on","_et_pb_old_content":"","_et_gb_content_width":"","footnotes":""},"class_list":["post-53","page","type-page","status-publish","hentry"],"_links":{"self":[{"href":"https:\/\/claudiahaumer.at\/index.php?rest_route=\/wp\/v2\/pages\/53","targetHints":{"allow":["GET"]}}],"collection":[{"href":"https:\/\/claudiahaumer.at\/index.php?rest_route=\/wp\/v2\/pages"}],"about":[{"href":"https:\/\/claudiahaumer.at\/index.php?rest_route=\/wp\/v2\/types\/page"}],"author":[{"embeddable":true,"href":"https:\/\/claudiahaumer.at\/index.php?rest_route=\/wp\/v2\/users\/1"}],"replies":[{"embeddable":true,"href":"https:\/\/claudiahaumer.at\/index.php?rest_route=%2Fwp%2Fv2%2Fcomments&post=53"}],"version-history":[{"count":11,"href":"https:\/\/claudiahaumer.at\/index.php?rest_route=\/wp\/v2\/pages\/53\/revisions"}],"predecessor-version":[{"id":185,"href":"https:\/\/claudiahaumer.at\/index.php?rest_route=\/wp\/v2\/pages\/53\/revisions\/185"}],"wp:attachment":[{"href":"https:\/\/claudiahaumer.at\/index.php?rest_route=%2Fwp%2Fv2%2Fmedia&parent=53"}],"curies":[{"name":"wp","href":"https:\/\/api.w.org\/{rel}","templated":true}]}}