{"id":63,"date":"2022-12-22T21:31:35","date_gmt":"2022-12-22T21:31:35","guid":{"rendered":"https:\/\/claudiahaumer.at\/?page_id=63"},"modified":"2022-12-24T14:00:51","modified_gmt":"2022-12-24T14:00:51","slug":"die-klarinette","status":"publish","type":"page","link":"https:\/\/claudiahaumer.at\/?page_id=63","title":{"rendered":"Die Klarinette"},"content":{"rendered":"<p>[et_pb_section fb_built=&#8220;1&#8243; _builder_version=&#8220;4.19.4&#8243; _module_preset=&#8220;default&#8220; background_image=&#8220;https:\/\/claudiahaumer.at\/wp-content\/uploads\/2022\/12\/sheet-music-1260596_1920.jpg&#8220; global_colors_info=&#8220;{}&#8220;][et_pb_row _builder_version=&#8220;4.19.4&#8243; _module_preset=&#8220;default&#8220; background_color=&#8220;rgba(255,255,255,0.49)&#8220; global_colors_info=&#8220;{}&#8220;][et_pb_column type=&#8220;4_4&#8243; _builder_version=&#8220;4.19.4&#8243; _module_preset=&#8220;default&#8220; global_colors_info=&#8220;{}&#8220;][et_pb_text _builder_version=&#8220;4.19.4&#8243; _module_preset=&#8220;default&#8220; text_text_color=&#8220;#000000&#8243; header_font=&#8220;|700|||||||&#8220; header_text_align=&#8220;left&#8220; header_text_color=&#8220;#802083&#8243; custom_margin=&#8220;|||10px|false|false&#8220; hover_enabled=&#8220;0&#8243; header_text_shadow_style=&#8220;preset4&#8243; global_colors_info=&#8220;{}&#8220; sticky_enabled=&#8220;0&#8243;]<\/p>\n<h1>Die Klarinette<\/h1>\n<p>[\/et_pb_text][\/et_pb_column][\/et_pb_row][et_pb_row column_structure=&#8220;1_3,2_3&#8243; _builder_version=&#8220;4.19.4&#8243; _module_preset=&#8220;default&#8220; background_color=&#8220;rgba(255,255,255,0.49)&#8220; global_colors_info=&#8220;{}&#8220;][et_pb_column type=&#8220;1_3&#8243; _builder_version=&#8220;4.19.4&#8243; _module_preset=&#8220;default&#8220; global_colors_info=&#8220;{}&#8220;][et_pb_image src=&#8220;https:\/\/claudiahaumer.at\/wp-content\/uploads\/2022\/12\/Website16.jpg&#8220; title_text=&#8220;Website16&#8243; _builder_version=&#8220;4.19.4&#8243; _module_preset=&#8220;default&#8220; custom_margin=&#8220;|||10px|false|false&#8220; global_colors_info=&#8220;{}&#8220;][\/et_pb_image][\/et_pb_column][et_pb_column type=&#8220;2_3&#8243; _builder_version=&#8220;4.19.4&#8243; _module_preset=&#8220;default&#8220; global_colors_info=&#8220;{}&#8220;][et_pb_text _builder_version=&#8220;4.19.4&#8243; _module_preset=&#8220;default&#8220; hover_enabled=&#8220;0&#8243; global_colors_info=&#8220;{}&#8220; custom_margin=&#8220;|20px|||false|false&#8220; sticky_enabled=&#8220;0&#8243;]<\/p>\n<h3 style=\"text-align: left;\">Allgemeines<\/h3>\n<p style=\"text-align: left;\">Die Klarinette geh\u00f6rt zur Gruppe der Holzblasinstrumente.<br \/>Sie wird mit einem einfachen Rohrblatt bespielt.<\/p>\n<p style=\"text-align: left;\">Die Klarinette verf\u00fcgt unter den Blasinstrumenten mit mehr als 4 Oktaven \u00fcber den weitaus gr\u00f6\u00dften Tonumfang. Er reicht vom kleinen \u201ee\u201c bis zum viergestrichenen \u201ec\u201c.<\/p>\n<p style=\"text-align: left;\">Daher ist sie sehr flexibel einsetzbar und man kann nahezu alles spielen:<br \/>Vom Solokonzert \u00fcber Orchestermusik, Blasmusik oder Holzbl\u00e4serquintett (Querfl\u00f6te, Oboe, Klarinette, Fagott und Horn), Klarinettenquintett oder verschiedene Ensembles bestehend aus mehreren Instrumenten der Klarinettenfamilie.<\/p>\n<p style=\"text-align: left;\">Auch im Jazz erfreute sich die Klarinette gro\u00dfer Beliebtheit. Im Dixieland-Jazz und in der Big Band hatte sie ihren festen Platz gefunden.<\/p>\n<p style=\"text-align: left;\">Ber\u00fchmte Klarinettisten aus den 1930er-40er Jahren waren Benny Goodman, Artie Shaw oder Georg Lewis. Leider war ihr Hochflug in diesem Genre nur von kurzer Dauer.<\/p>\n<p style=\"text-align: left;\">Bis heute ist die Klarinette aber aus Volksmusik, Blasmusik, Klezmer (jiddische Musik), osteurop\u00e4ischer Musik und Musik aus dem Balkan nicht wegzudenken.<\/p>\n<p>[\/et_pb_text][\/et_pb_column][\/et_pb_row][et_pb_row column_structure=&#8220;2_3,1_3&#8243; _builder_version=&#8220;4.19.4&#8243; _module_preset=&#8220;default&#8220; background_color=&#8220;rgba(255,255,255,0.49)&#8220; global_colors_info=&#8220;{}&#8220;][et_pb_column type=&#8220;2_3&#8243; _builder_version=&#8220;4.19.4&#8243; _module_preset=&#8220;default&#8220; global_colors_info=&#8220;{}&#8220;][et_pb_text _builder_version=&#8220;4.19.4&#8243; _module_preset=&#8220;default&#8220; custom_margin=&#8220;|||10px|false|false&#8220; hover_enabled=&#8220;0&#8243; global_colors_info=&#8220;{}&#8220; sticky_enabled=&#8220;0&#8243;]<\/p>\n<h3>Geschichte<\/h3>\n<p>Erfinder war Johann Christoph Denner.<\/p>\n<p>Er entwickelte die um 1700 in Gebrauch befindliche Chalumeau weiter und verhalf ihr durch Hinzuf\u00fcgen von Klappen ihren Aufschwung. Dadurch wurde ihr Klang in den h\u00f6heren Lagen viel durchdringender und ihre Beliebtheit stieg.<\/p>\n<p>Heute reicht die Klangpalette der Klarinette von sonor und kr\u00e4ftig bis hin zu sanft, weich und sogar so leise, dass man sie fast nicht mehr h\u00f6ren kann.<\/p>\n<p>[\/et_pb_text][\/et_pb_column][et_pb_column type=&#8220;1_3&#8243; _builder_version=&#8220;4.19.4&#8243; _module_preset=&#8220;default&#8220; global_colors_info=&#8220;{}&#8220;][et_pb_image src=&#8220;https:\/\/claudiahaumer.at\/wp-content\/uploads\/2022\/12\/denner.jpg&#8220; title_text=&#8220;denner&#8220; _builder_version=&#8220;4.19.4&#8243; _module_preset=&#8220;default&#8220; hover_enabled=&#8220;0&#8243; global_colors_info=&#8220;{}&#8220; custom_margin=&#8220;|20px|||false|false&#8220; sticky_enabled=&#8220;0&#8243;][\/et_pb_image][\/et_pb_column][\/et_pb_row][et_pb_row column_structure=&#8220;1_3,2_3&#8243; _builder_version=&#8220;4.19.4&#8243; _module_preset=&#8220;default&#8220; background_color=&#8220;rgba(255,255,255,0.49)&#8220; global_colors_info=&#8220;{}&#8220;][et_pb_column type=&#8220;1_3&#8243; _builder_version=&#8220;4.19.4&#8243; _module_preset=&#8220;default&#8220; global_colors_info=&#8220;{}&#8220;][et_pb_image src=&#8220;https:\/\/claudiahaumer.at\/wp-content\/uploads\/2022\/12\/klarinettenfamilie.png&#8220; title_text=&#8220;klarinettenfamilie&#8220; _builder_version=&#8220;4.19.4&#8243; _module_preset=&#8220;default&#8220; custom_margin=&#8220;|||10px|false|false&#8220; global_colors_info=&#8220;{}&#8220;][\/et_pb_image][\/et_pb_column][et_pb_column type=&#8220;2_3&#8243; _builder_version=&#8220;4.19.4&#8243; _module_preset=&#8220;default&#8220; global_colors_info=&#8220;{}&#8220;][et_pb_text _builder_version=&#8220;4.19.4&#8243; _module_preset=&#8220;default&#8220; hover_enabled=&#8220;0&#8243; global_colors_info=&#8220;{}&#8220; sticky_enabled=&#8220;0&#8243; custom_margin=&#8220;|20px|||false|false&#8220;]<\/p>\n<h3>Systeme<\/h3>\n<p>Von den zwei bestehenden Systemen, b\u00f6hmisches und deutsches System, unterrichte ich Zweiteres.<br \/>Wenn Sie das B\u00f6hmische bereits beherrschen sind Sie aber nat\u00fcrlich genauso willkommen.<\/p>\n<h3>Klarinettenfamilie<\/h3>\n<p>Die Familie der Klarinetten reicht von der Kontrabassklarinette bis zur Es-Klarinette.<br \/>Jedoch am h\u00e4ufigsten wird die B-Klarinette gespielt.<\/p>\n<p>Auch die Bassklarinette kommt oft zum Einsatz, vorwiegend in Ensembles und Orchestern sowie der Blasmusik.<\/p>\n<p>Die A-Klarinette findet eher im symphonischen Orchester ihren Platz und nat\u00fcrlich in Solokonzerten wie beim Klarinettenkonzert von Wolfgang Amadeus Mozart.<\/p>\n<p>Seltener kommt das Bassetthorn in Orchestern vor und wird eher auch in Ensembles verwendet.<\/p>\n<h3>Kunststoff oder Holz?<\/h3>\n<p>Es gibt auf der Klarinette die M\u00f6glichkeit mit Kunststoff Bl\u00e4ttern zu spielen. Sie sind in der Anschaffung um einiges teurer als Holzbl\u00e4tter, doch sie ersparen die oftmals m\u00fchsame Suche nach einem guten Blatt.<\/p>\n<p>Was den Klang betrifft scheiden sich hier die Geister. Ich bevorzuge nach wie vor ein solides Holzblatt. Doch es sollte jeder mit dem spielen und den Sound produzieren, der ihm\/ihr am besten gef\u00e4llt.<\/p>\n<p>[\/et_pb_text][\/et_pb_column][\/et_pb_row][\/et_pb_section]<\/p>\n","protected":false},"excerpt":{"rendered":"<p>Die KlarinetteAllgemeines Die Klarinette geh\u00f6rt zur Gruppe der Holzblasinstrumente.Sie wird mit einem einfachen Rohrblatt bespielt. Die Klarinette verf\u00fcgt unter den Blasinstrumenten mit mehr als 4 Oktaven \u00fcber den weitaus gr\u00f6\u00dften Tonumfang. Er reicht vom kleinen \u201ee\u201c bis zum viergestrichenen \u201ec\u201c. Daher ist sie sehr flexibel einsetzbar und man kann nahezu alles spielen:Vom Solokonzert \u00fcber Orchestermusik, [&hellip;]<\/p>\n","protected":false},"author":1,"featured_media":0,"parent":0,"menu_order":0,"comment_status":"closed","ping_status":"closed","template":"","meta":{"_et_pb_use_builder":"on","_et_pb_old_content":"","_et_gb_content_width":"","footnotes":""},"class_list":["post-63","page","type-page","status-publish","hentry"],"_links":{"self":[{"href":"https:\/\/claudiahaumer.at\/index.php?rest_route=\/wp\/v2\/pages\/63","targetHints":{"allow":["GET"]}}],"collection":[{"href":"https:\/\/claudiahaumer.at\/index.php?rest_route=\/wp\/v2\/pages"}],"about":[{"href":"https:\/\/claudiahaumer.at\/index.php?rest_route=\/wp\/v2\/types\/page"}],"author":[{"embeddable":true,"href":"https:\/\/claudiahaumer.at\/index.php?rest_route=\/wp\/v2\/users\/1"}],"replies":[{"embeddable":true,"href":"https:\/\/claudiahaumer.at\/index.php?rest_route=%2Fwp%2Fv2%2Fcomments&post=63"}],"version-history":[{"count":8,"href":"https:\/\/claudiahaumer.at\/index.php?rest_route=\/wp\/v2\/pages\/63\/revisions"}],"predecessor-version":[{"id":132,"href":"https:\/\/claudiahaumer.at\/index.php?rest_route=\/wp\/v2\/pages\/63\/revisions\/132"}],"wp:attachment":[{"href":"https:\/\/claudiahaumer.at\/index.php?rest_route=%2Fwp%2Fv2%2Fmedia&parent=63"}],"curies":[{"name":"wp","href":"https:\/\/api.w.org\/{rel}","templated":true}]}}