{"id":88,"date":"2022-12-23T00:54:40","date_gmt":"2022-12-23T00:54:40","guid":{"rendered":"https:\/\/claudiahaumer.at\/?page_id=88"},"modified":"2023-01-06T16:51:26","modified_gmt":"2023-01-06T16:51:26","slug":"erstausstattung","status":"publish","type":"page","link":"https:\/\/claudiahaumer.at\/?page_id=88","title":{"rendered":"Erstausstattung"},"content":{"rendered":"<p>[et_pb_section fb_built=&#8220;1&#8243; _builder_version=&#8220;4.19.4&#8243; _module_preset=&#8220;default&#8220; background_image=&#8220;https:\/\/claudiahaumer.at\/wp-content\/uploads\/2022\/12\/sheet-music-1260596_1920.jpg&#8220; global_colors_info=&#8220;{}&#8220;][et_pb_row _builder_version=&#8220;4.19.4&#8243; _module_preset=&#8220;default&#8220; background_color=&#8220;RGBA(255,255,255,0.49)&#8220; global_colors_info=&#8220;{}&#8220;][et_pb_column type=&#8220;4_4&#8243; _builder_version=&#8220;4.19.4&#8243; _module_preset=&#8220;default&#8220; global_colors_info=&#8220;{}&#8220;][et_pb_text _builder_version=&#8220;4.19.4&#8243; _module_preset=&#8220;default&#8220; text_text_color=&#8220;#802083&#8243; header_font=&#8220;|700|||||||&#8220; header_text_color=&#8220;#802083&#8243; custom_margin=&#8220;|||10px|false|false&#8220; text_text_shadow_style=&#8220;preset5&#8243; header_text_shadow_style=&#8220;preset4&#8243; global_colors_info=&#8220;{}&#8220;]<\/p>\n<h1>Erstausstattung<\/h1>\n<p>[\/et_pb_text][\/et_pb_column][\/et_pb_row][et_pb_row column_structure=&#8220;2_3,1_3&#8243; _builder_version=&#8220;4.19.4&#8243; _module_preset=&#8220;default&#8220; background_color=&#8220;RGBA(255,255,255,0.49)&#8220; custom_margin=&#8220;||||false|false&#8220; global_colors_info=&#8220;{}&#8220;][et_pb_column type=&#8220;2_3&#8243; _builder_version=&#8220;4.19.4&#8243; _module_preset=&#8220;default&#8220; global_colors_info=&#8220;{}&#8220;][et_pb_text _builder_version=&#8220;4.19.4&#8243; _module_preset=&#8220;default&#8220; custom_margin=&#8220;|||10px|false|false&#8220; global_colors_info=&#8220;{}&#8220;]<\/p>\n<p>\u2022 <strong>Notenst\u00e4nder:<\/strong>\u00a0Klarinette spielt man im Stehen, nur in gr\u00f6\u00dferen Gruppen im Sitzen<br \/>\u2022 <strong>Klarinettenst\u00e4nder: <\/strong>auch Klarinetten k\u00f6nnen vom Tisch rollen oder leicht umfallen<br \/>\u2022 <strong>Bl\u00e4tter: <\/strong>ohne Blatt, keine T\u00f6ne; 10 St\u00fcck Peter Leuthner Wiener Schnitt Standard St\u00e4rke 3 f\u00fcr den Anfang<br \/>\u2022 <strong>Blattetui:<\/strong>\u00a0zur Aufbewahrung der Bl\u00e4tter, gut behandelte Bl\u00e4tter halten l\u00e4nger<br \/>\u2022 <strong>Korkfett:<\/strong>\u00a0die Korken geh\u00f6ren regelm\u00e4\u00dfig eingefettet<br \/>\u2022 <strong>Durchziehwischer:<\/strong>\u00a0zum Reinigen nach Verwendung der Klarinette<br \/>\u2022 <strong>Bleistift:<\/strong>\u00a0sollte immer im Klarinettenkoffer sein<br \/>\u2022 <strong>Notenmappe:<\/strong> gute Musiker sind gut organisiert<br \/>\u2022 <strong>Noten:<\/strong>\u00a0werden individuell ausgesucht<\/p>\n<h3>Weiteres<\/h3>\n<p>\u2022 <strong>Gurt:<\/strong>\u00a0zur Entlastung des rechten Handgelenks und leichteren Handhabung<br \/>\u2022 <strong>Stimmger\u00e4t:<\/strong>\u00a0jeder Musiker besitzt sein eigenes Stimmger\u00e4t<br \/>\u2022 <strong>Metronom:<\/strong>\u00a0f\u00fcr Taktgef\u00fchl und Rhythmusentwicklung, wichtig f\u00fcr alle Fortgeschrittenen<\/p>\n<p>[\/et_pb_text][\/et_pb_column][et_pb_column type=&#8220;1_3&#8243; _builder_version=&#8220;4.19.4&#8243; _module_preset=&#8220;default&#8220; global_colors_info=&#8220;{}&#8220;][et_pb_image src=&#8220;https:\/\/claudiahaumer.at\/wp-content\/uploads\/2022\/12\/20221018_093115.jpg&#8220; title_text=&#8220;20221018_093115&#8243; align=&#8220;center&#8220; _builder_version=&#8220;4.19.4&#8243; _module_preset=&#8220;default&#8220; custom_margin=&#8220;|10px|||false|false&#8220; global_colors_info=&#8220;{}&#8220;][\/et_pb_image][\/et_pb_column][\/et_pb_row][\/et_pb_section]<\/p>\n","protected":false},"excerpt":{"rendered":"<p>Erstausstattung\u2022 Notenst\u00e4nder:\u00a0Klarinette spielt man im Stehen, nur in gr\u00f6\u00dferen Gruppen im Sitzen\u2022 Klarinettenst\u00e4nder: auch Klarinetten k\u00f6nnen vom Tisch rollen oder leicht umfallen\u2022 Bl\u00e4tter: ohne Blatt, keine T\u00f6ne; 10 St\u00fcck Peter Leuthner Wiener Schnitt Standard St\u00e4rke 3 f\u00fcr den Anfang\u2022 Blattetui:\u00a0zur Aufbewahrung der Bl\u00e4tter, gut behandelte Bl\u00e4tter halten l\u00e4nger\u2022 Korkfett:\u00a0die Korken geh\u00f6ren regelm\u00e4\u00dfig eingefettet\u2022 Durchziehwischer:\u00a0zum Reinigen [&hellip;]<\/p>\n","protected":false},"author":1,"featured_media":0,"parent":0,"menu_order":0,"comment_status":"closed","ping_status":"closed","template":"","meta":{"_et_pb_use_builder":"on","_et_pb_old_content":"","_et_gb_content_width":"","footnotes":""},"class_list":["post-88","page","type-page","status-publish","hentry"],"_links":{"self":[{"href":"https:\/\/claudiahaumer.at\/index.php?rest_route=\/wp\/v2\/pages\/88","targetHints":{"allow":["GET"]}}],"collection":[{"href":"https:\/\/claudiahaumer.at\/index.php?rest_route=\/wp\/v2\/pages"}],"about":[{"href":"https:\/\/claudiahaumer.at\/index.php?rest_route=\/wp\/v2\/types\/page"}],"author":[{"embeddable":true,"href":"https:\/\/claudiahaumer.at\/index.php?rest_route=\/wp\/v2\/users\/1"}],"replies":[{"embeddable":true,"href":"https:\/\/claudiahaumer.at\/index.php?rest_route=%2Fwp%2Fv2%2Fcomments&post=88"}],"version-history":[{"count":5,"href":"https:\/\/claudiahaumer.at\/index.php?rest_route=\/wp\/v2\/pages\/88\/revisions"}],"predecessor-version":[{"id":146,"href":"https:\/\/claudiahaumer.at\/index.php?rest_route=\/wp\/v2\/pages\/88\/revisions\/146"}],"wp:attachment":[{"href":"https:\/\/claudiahaumer.at\/index.php?rest_route=%2Fwp%2Fv2%2Fmedia&parent=88"}],"curies":[{"name":"wp","href":"https:\/\/api.w.org\/{rel}","templated":true}]}}