{"id":92,"date":"2022-12-23T01:22:52","date_gmt":"2022-12-23T01:22:52","guid":{"rendered":"https:\/\/claudiahaumer.at\/?page_id=92"},"modified":"2023-01-06T16:50:16","modified_gmt":"2023-01-06T16:50:16","slug":"ueben-wie-geht-das","status":"publish","type":"page","link":"https:\/\/claudiahaumer.at\/?page_id=92","title":{"rendered":"\u00dcben?! Wie geht das?"},"content":{"rendered":"<p>[et_pb_section fb_built=&#8220;1&#8243; _builder_version=&#8220;4.19.4&#8243; _module_preset=&#8220;default&#8220; background_image=&#8220;https:\/\/claudiahaumer.at\/wp-content\/uploads\/2022\/12\/sheet-music-1260596_1920.jpg&#8220; global_colors_info=&#8220;{}&#8220;][et_pb_row _builder_version=&#8220;4.19.4&#8243; _module_preset=&#8220;default&#8220; background_color=&#8220;RGBA(255,255,255,0.49)&#8220; global_colors_info=&#8220;{}&#8220;][et_pb_column type=&#8220;4_4&#8243; _builder_version=&#8220;4.19.4&#8243; _module_preset=&#8220;default&#8220; global_colors_info=&#8220;{}&#8220;][et_pb_text _builder_version=&#8220;4.19.4&#8243; _module_preset=&#8220;default&#8220; header_font=&#8220;|700|||||||&#8220; header_text_color=&#8220;#802083&#8243; custom_margin=&#8220;|||10px|false|false&#8220; header_text_shadow_style=&#8220;preset4&#8243; global_colors_info=&#8220;{}&#8220;]<\/p>\n<h1>\u00dcBEN?! WIE GEHT DAS?<\/h1>\n<p>[\/et_pb_text][\/et_pb_column][\/et_pb_row][et_pb_row _builder_version=&#8220;4.19.4&#8243; _module_preset=&#8220;default&#8220; background_color=&#8220;RGBA(255,255,255,0.49)&#8220; global_colors_info=&#8220;{}&#8220;][et_pb_column type=&#8220;4_4&#8243; _builder_version=&#8220;4.19.4&#8243; _module_preset=&#8220;default&#8220; global_colors_info=&#8220;{}&#8220;][et_pb_text _builder_version=&#8220;4.19.4&#8243; _module_preset=&#8220;default&#8220; custom_margin=&#8220;|20px||10px|false|false&#8220; custom_padding=&#8220;|25px||20px|false|false&#8220; hover_enabled=&#8220;0&#8243; global_colors_info=&#8220;{}&#8220; sticky_enabled=&#8220;0&#8243;]<\/p>\n<p style=\"text-align: left;\">Instrument zu erlernen ist Bereicherung und Herausforderung zugleich. Nicht nur f\u00fcr den Instrumentalisten selbst, sondern auch f\u00fcr sein Umfeld. Musik hat bei nahezu jedem von uns t\u00e4glich einen Platz, am Morgen um in Schwung zu kommen, in der Mittagspause um Abzuschalten oder am Abend zum Entspannen. Doch um Musik selbst machen zu k\u00f6nnen und dabei sogar selbst f\u00fcr Entspannung oder Freude zu sorgen braucht es \u00dcbung.<\/p>\n<p style=\"text-align: left;\">In meinen Anfangsjahren war das das Reizwort:<strong> \u201e\u00dcben\u201c<\/strong>.<\/p>\n<p style=\"text-align: left;\">\u201eHast du heute schon ge\u00fcbt?\u201c, war oft die Frage meiner Mutter an mich. Trotz war meine erste Reaktion und das Instrument blieb unbespielt in der Ecke liegen. Untersch\u00e4tzen Sie ihre Rolle als Elternteil nicht, egal welches Instrument ihr Kind erlernen m\u00f6chte. T\u00e4gliches Training ist in der Musik, so wie im Sport, n\u00f6tig um Freude am Musizieren erfahren zu k\u00f6nnen, denn:<\/p>\n<blockquote>\n<p>\u201eJe mehr ich das Instrument beherrsche, desto mehr Freude habe ich daran!\u201c<\/p>\n<\/blockquote>\n<p style=\"text-align: left;\">Kinder geh\u00f6ren nun aber manchmal, oder auch \u00f6fter, daran erinnert zu trainieren. Gerade in der Anfangszeit ist es so wichtig sich t\u00e4glich mit dem Instrument zu befassen. Aus meiner langj\u00e4hrigen Erfahrung wei\u00df ich, wie schnell Kinder grundlegende Regeln wieder vergessen. Sie als Eltern\/teil haben nun die Aufgabe zu Hause ihr Kind zu ermuntern t\u00e4glich zu musizieren.<\/p>\n<p style=\"text-align: left;\">Und das ist der springende Punkt: <strong>NICHT \u00dcBEN -&gt; MUSIK MACHEN<\/strong>, das ist das warum jemand ein Instrument erlernt. Sei es alleine oder in der Gruppe, <strong>MUSIZIEREN<\/strong> ist das was z\u00e4hlt.<\/p>\n<p style=\"text-align: left;\">Darum versuchen Sie es von Anfang an mit S\u00e4tzen wie:<\/p>\n<blockquote>\n<p style=\"text-align: justify;\">\u201eHast du heute schon Musik gemacht?\u201c oder \u201eLass uns Musik machen gehen.\u201c<\/p>\n<\/blockquote>\n<p style=\"text-align: left;\">Sie sollen dabei sein, wenn die ersten und auch die sp\u00e4teren Gehversuche auf der Klarinette gemacht werden.<\/p>\n<p style=\"text-align: left;\">Zuh\u00f6ren, applaudieren, nachfragen, interessieren, dadurch lernt ihr Kind am allerbesten. Damit auch Sie die Grundlagen \u00fcber das Spielen mit der Klarinette wissen, w\u00fcrde ich es begr\u00fc\u00dfen, wenn Sie in den ersten 1-4 Unterrichtsstunden dabei sind.<br \/>Denn: Klarinette lernen ist nicht immer einfach. Es wird Auf und Abs geben, Dinge, die leicht von der Hand gehen und Dinge, bei denen man dringend ermunternde Worte braucht, um nicht an den eigenen Unzul\u00e4nglichkeiten zu verzweifeln.<br \/>Dazu ist es auch notwendig zu wissen:<\/p>\n<blockquote>\n<p>\u201eNur weil etwas einmal klappt, hei\u00dft es nicht, dass man es kann.\u201c<\/p>\n<\/blockquote>\n<p style=\"text-align: left;\">Ein Instrument zu erlernen, hei\u00dft sich immer wieder mit den M\u00e4ngeln der eigenen Fertigkeiten auseinanderzusetzen. Sie und ich wissen genau, dass das ihr Kind noch nicht versteht. Darum braucht es unsere Unterst\u00fctzung, um immer wieder mit neuem Elan \u201eanzugreifen\u201c.<br \/>Denn wie bereits gesagt: <strong>\u201eMusikmachen \u2013 das ist das was z\u00e4hlt.\u201c<\/strong><\/p>\n<p>[\/et_pb_text][\/et_pb_column][\/et_pb_row][\/et_pb_section]<\/p>\n","protected":false},"excerpt":{"rendered":"<p>\u00dcBEN?! WIE GEHT DAS?Instrument zu erlernen ist Bereicherung und Herausforderung zugleich. Nicht nur f\u00fcr den Instrumentalisten selbst, sondern auch f\u00fcr sein Umfeld. Musik hat bei nahezu jedem von uns t\u00e4glich einen Platz, am Morgen um in Schwung zu kommen, in der Mittagspause um Abzuschalten oder am Abend zum Entspannen. Doch um Musik selbst machen zu [&hellip;]<\/p>\n","protected":false},"author":1,"featured_media":0,"parent":0,"menu_order":0,"comment_status":"closed","ping_status":"closed","template":"","meta":{"_et_pb_use_builder":"on","_et_pb_old_content":"","_et_gb_content_width":"","footnotes":""},"class_list":["post-92","page","type-page","status-publish","hentry"],"_links":{"self":[{"href":"https:\/\/claudiahaumer.at\/index.php?rest_route=\/wp\/v2\/pages\/92","targetHints":{"allow":["GET"]}}],"collection":[{"href":"https:\/\/claudiahaumer.at\/index.php?rest_route=\/wp\/v2\/pages"}],"about":[{"href":"https:\/\/claudiahaumer.at\/index.php?rest_route=\/wp\/v2\/types\/page"}],"author":[{"embeddable":true,"href":"https:\/\/claudiahaumer.at\/index.php?rest_route=\/wp\/v2\/users\/1"}],"replies":[{"embeddable":true,"href":"https:\/\/claudiahaumer.at\/index.php?rest_route=%2Fwp%2Fv2%2Fcomments&post=92"}],"version-history":[{"count":6,"href":"https:\/\/claudiahaumer.at\/index.php?rest_route=\/wp\/v2\/pages\/92\/revisions"}],"predecessor-version":[{"id":145,"href":"https:\/\/claudiahaumer.at\/index.php?rest_route=\/wp\/v2\/pages\/92\/revisions\/145"}],"wp:attachment":[{"href":"https:\/\/claudiahaumer.at\/index.php?rest_route=%2Fwp%2Fv2%2Fmedia&parent=92"}],"curies":[{"name":"wp","href":"https:\/\/api.w.org\/{rel}","templated":true}]}}